{"id":671,"date":"2024-08-02T21:13:28","date_gmt":"2024-08-02T19:13:28","guid":{"rendered":"https:\/\/gibki.design\/?post_type=product&#038;p=671"},"modified":"2026-04-02T22:40:50","modified_gmt":"2026-04-02T20:40:50","slug":"wazon-madera","status":"publish","type":"product","link":"https:\/\/gibki.design\/en\/product\/wazon-madera\/","title":{"rendered":"Vase MADERA"},"content":{"rendered":"","protected":false},"excerpt":{"rendered":"<p>Vase MADERA<\/p>\n<p>Madera po hiszpa\u0144sku oznacza drewno i taka w\u0142a\u015bnie by\u0142a nasza inspiracja do stworzenia tego wazonu. Chcieli\u015bmy, \u017ceby w naszej kolekcji kolorowych produkt\u00f3w znalaz\u0142o si\u0119 r\u00f3wnie\u017c co\u015b dla mi\u0142o\u015bnik\u00f3w bardziej naturalnych i stonowanych kolor\u00f3w.<\/p>\n<p>Wazon wyprodukowany w technologii druku 3D z biodegradowalnych filament\u00f3w (PLA) polskich producent\u00f3w, otrzymywanych z surowc\u00f3w naturalnych takich jak m\u0105czka kukurydziana. W \u015brodku wazonu znajduje si\u0119 wyjmowany szklany wk\u0142ad, kt\u00f3ry u\u0142atwia utrzymanie go w czysto\u015bci.<\/p>\n<p>Wymiary: 11 x 11 x 20 cm (szeroko\u015b\u0107, g\u0142\u0119boko\u015b\u0107, wysoko\u015b\u0107)<\/p>\n<p>Dok\u0142adamy wszelkich stara\u0144, \u017ceby nie produkowa\u0107 zb\u0119dnych produkt\u00f3w, dlatego ka\u017cdy z nich tworzymy na zam\u00f3wienie.<\/p>\n<p>Projekt: gibki.design<\/p>","protected":false},"featured_media":675,"template":"","meta":[],"product_brand":[],"product_cat":[24],"product_tag":[],"class_list":{"0":"post-671","1":"product","2":"type-product","3":"status-publish","4":"has-post-thumbnail","6":"product_cat-wazony","8":"first","9":"instock","10":"shipping-taxable","11":"purchasable","12":"product-type-variable","13":"has-default-attributes"},"_links":{"self":[{"href":"https:\/\/gibki.design\/en\/wp-json\/wp\/v2\/product\/671","targetHints":{"allow":["GET"]}}],"collection":[{"href":"https:\/\/gibki.design\/en\/wp-json\/wp\/v2\/product"}],"about":[{"href":"https:\/\/gibki.design\/en\/wp-json\/wp\/v2\/types\/product"}],"version-history":[{"count":2,"href":"https:\/\/gibki.design\/en\/wp-json\/wp\/v2\/product\/671\/revisions"}],"predecessor-version":[{"id":1928,"href":"https:\/\/gibki.design\/en\/wp-json\/wp\/v2\/product\/671\/revisions\/1928"}],"wp:featuredmedia":[{"embeddable":true,"href":"https:\/\/gibki.design\/en\/wp-json\/wp\/v2\/media\/675"}],"wp:attachment":[{"href":"https:\/\/gibki.design\/en\/wp-json\/wp\/v2\/media?parent=671"}],"wp:term":[{"taxonomy":"product_brand","embeddable":true,"href":"https:\/\/gibki.design\/en\/wp-json\/wp\/v2\/product_brand?post=671"},{"taxonomy":"product_cat","embeddable":true,"href":"https:\/\/gibki.design\/en\/wp-json\/wp\/v2\/product_cat?post=671"},{"taxonomy":"product_tag","embeddable":true,"href":"https:\/\/gibki.design\/en\/wp-json\/wp\/v2\/product_tag?post=671"}],"curies":[{"name":"wp","href":"https:\/\/api.w.org\/{rel}","templated":true}]}}