{"id":658,"date":"2024-07-24T15:51:42","date_gmt":"2024-07-24T13:51:42","guid":{"rendered":"https:\/\/gibki.design\/?post_type=product&#038;p=658"},"modified":"2025-04-04T00:13:01","modified_gmt":"2025-04-03T22:13:01","slug":"skarbonka-kwiatek","status":"publish","type":"product","link":"https:\/\/gibki.design\/en\/product\/skarbonka-kwiatek\/","title":{"rendered":"Piggy bank - Flower"},"content":{"rendered":"","protected":false},"excerpt":{"rendered":"<p>Skarbonka w kszta\u0142cie kwiatka wykonana w technologi druku 3d z najwy\u017cszej jako\u015bci materia\u0142u PLA (biodegradowalny polimer otrzymywany z surowc\u00f3w odnawialnych)<\/p>\n<ul>\n<li>Posiada mechanizm do otwierania od spodu.<\/li>\n<li>Wymiary 12 x 10 x 10 (wysoko\u015b\u0107, szeroko\u015b\u0107, g\u0142\u0119boko\u015b\u0107)<\/li>\n<\/ul>\n<p>Czas realizacji zam\u00f3wienia &#8211; 3 dni robocze.<\/p>","protected":false},"featured_media":574,"template":"","meta":[],"product_brand":[],"product_cat":[25],"product_tag":[],"class_list":{"0":"post-658","1":"product","2":"type-product","3":"status-publish","4":"has-post-thumbnail","6":"product_cat-akcesoria","8":"first","9":"instock","10":"shipping-taxable","11":"purchasable","12":"product-type-variable"},"_links":{"self":[{"href":"https:\/\/gibki.design\/en\/wp-json\/wp\/v2\/product\/658","targetHints":{"allow":["GET"]}}],"collection":[{"href":"https:\/\/gibki.design\/en\/wp-json\/wp\/v2\/product"}],"about":[{"href":"https:\/\/gibki.design\/en\/wp-json\/wp\/v2\/types\/product"}],"version-history":[{"count":2,"href":"https:\/\/gibki.design\/en\/wp-json\/wp\/v2\/product\/658\/revisions"}],"predecessor-version":[{"id":1932,"href":"https:\/\/gibki.design\/en\/wp-json\/wp\/v2\/product\/658\/revisions\/1932"}],"wp:featuredmedia":[{"embeddable":true,"href":"https:\/\/gibki.design\/en\/wp-json\/wp\/v2\/media\/574"}],"wp:attachment":[{"href":"https:\/\/gibki.design\/en\/wp-json\/wp\/v2\/media?parent=658"}],"wp:term":[{"taxonomy":"product_brand","embeddable":true,"href":"https:\/\/gibki.design\/en\/wp-json\/wp\/v2\/product_brand?post=658"},{"taxonomy":"product_cat","embeddable":true,"href":"https:\/\/gibki.design\/en\/wp-json\/wp\/v2\/product_cat?post=658"},{"taxonomy":"product_tag","embeddable":true,"href":"https:\/\/gibki.design\/en\/wp-json\/wp\/v2\/product_tag?post=658"}],"curies":[{"name":"wp","href":"https:\/\/api.w.org\/{rel}","templated":true}]}}