{"id":3092,"date":"2025-10-27T21:01:50","date_gmt":"2025-10-27T20:01:50","guid":{"rendered":"https:\/\/gibki.design\/?post_type=product&#038;p=3092"},"modified":"2026-04-13T00:28:20","modified_gmt":"2026-04-12T22:28:20","slug":"spike","status":"publish","type":"product","link":"https:\/\/gibki.design\/en\/product\/spike\/","title":{"rendered":"SPIKE"},"content":{"rendered":"","protected":false},"excerpt":{"rendered":"<p>Os\u0142onka na doniczk\u0119 wykonana w technologii druku 3D z ekologicznego tworzywa PLA. Unikalny, falisty wz\u00f3r nadaje wn\u0119trzu charakteru i stanowi doskona\u0142e dope\u0142nienie ro\u015blinnych aran\u017cacji. Fale i wypuk\u0142o\u015bci tworz\u0105 efektown\u0105 gr\u0119 \u015bwiat\u0142a i cienia, dzi\u0119ki czemu ka\u017cda doniczka staje si\u0119 ma\u0142ym dzie\u0142em sztuki. <\/p>\n<p>&#8211; Materia\u0142: PLA (materia\u0142 biodegradowalny)<br \/>\n&#8211; Technologia: druk 3D<br \/>\n&#8211; Przeznaczenie: do u\u017cytku wewn\u0119trznego<br \/>\n&#8211; Wymiary:<\/p>\n<p>dla 20 cm \u015brednicy &#8211; 24.5 x 24&#215;5 x 20.5 cm<\/p>\n<p>dla 25 cm \u015brednicy &#8211; 30.5 x 30.5 x 25.5 cm<\/p>\n<p>dla 30 cm \u015brednicy &#8211; 37 x 37 x 30.5cm<\/p>\n<p>Potrzebujesz wi\u0119kszego lub niestandardowego rozmiaru? <a href=\"mailto:hello@gibki.design\">Napisz do nas:<\/a> hello@gibki.design :\u2014)<\/p>","protected":false},"featured_media":3080,"template":"","meta":[],"product_brand":[],"product_cat":[23],"product_tag":[],"class_list":{"0":"post-3092","1":"product","2":"type-product","3":"status-publish","4":"has-post-thumbnail","6":"product_cat-doniczki","8":"first","9":"instock","10":"shipping-taxable","11":"purchasable","12":"product-type-variable","13":"has-default-attributes"},"_links":{"self":[{"href":"https:\/\/gibki.design\/en\/wp-json\/wp\/v2\/product\/3092","targetHints":{"allow":["GET"]}}],"collection":[{"href":"https:\/\/gibki.design\/en\/wp-json\/wp\/v2\/product"}],"about":[{"href":"https:\/\/gibki.design\/en\/wp-json\/wp\/v2\/types\/product"}],"version-history":[{"count":2,"href":"https:\/\/gibki.design\/en\/wp-json\/wp\/v2\/product\/3092\/revisions"}],"predecessor-version":[{"id":3133,"href":"https:\/\/gibki.design\/en\/wp-json\/wp\/v2\/product\/3092\/revisions\/3133"}],"wp:featuredmedia":[{"embeddable":true,"href":"https:\/\/gibki.design\/en\/wp-json\/wp\/v2\/media\/3080"}],"wp:attachment":[{"href":"https:\/\/gibki.design\/en\/wp-json\/wp\/v2\/media?parent=3092"}],"wp:term":[{"taxonomy":"product_brand","embeddable":true,"href":"https:\/\/gibki.design\/en\/wp-json\/wp\/v2\/product_brand?post=3092"},{"taxonomy":"product_cat","embeddable":true,"href":"https:\/\/gibki.design\/en\/wp-json\/wp\/v2\/product_cat?post=3092"},{"taxonomy":"product_tag","embeddable":true,"href":"https:\/\/gibki.design\/en\/wp-json\/wp\/v2\/product_tag?post=3092"}],"curies":[{"name":"wp","href":"https:\/\/api.w.org\/{rel}","templated":true}]}}