{"id":112,"date":"2024-05-27T18:25:39","date_gmt":"2024-05-27T16:25:39","guid":{"rendered":"https:\/\/gibkidesign.com\/?post_type=product&#038;p=112"},"modified":"2025-10-25T17:09:14","modified_gmt":"2025-10-25T15:09:14","slug":"wygibas-duzy-2","status":"publish","type":"product","link":"https:\/\/gibki.design\/en\/product\/wygibas-duzy-2\/","title":{"rendered":"Wygibas Du\u017cy"},"content":{"rendered":"","protected":false},"excerpt":{"rendered":"<p>\u0141uk dekoracyjny wykonany w technologi druku 3d z najwy\u017cszej jako\u015bci materia\u0142u PLA (biodegradowalny polimer otrzymywany z surowc\u00f3w odnawialnych)<\/p>\n<ul>\n<li>Wymiary: 23 x 16 x 5 (wysoko\u015b\u0107, szeroko\u015b\u0107, g\u0142\u0119boko\u015b\u0107)<\/li>\n<\/ul>\n<p>Czas realizacji zam\u00f3wienia &#8211; 3 dni robocze.<\/p>","protected":false},"featured_media":594,"template":"","meta":[],"product_brand":[],"product_cat":[26],"product_tag":[],"class_list":{"0":"post-112","1":"product","2":"type-product","3":"status-publish","4":"has-post-thumbnail","6":"product_cat-dekoracje","8":"first","9":"instock","10":"shipping-taxable","11":"purchasable","12":"product-type-variable"},"_links":{"self":[{"href":"https:\/\/gibki.design\/en\/wp-json\/wp\/v2\/product\/112","targetHints":{"allow":["GET"]}}],"collection":[{"href":"https:\/\/gibki.design\/en\/wp-json\/wp\/v2\/product"}],"about":[{"href":"https:\/\/gibki.design\/en\/wp-json\/wp\/v2\/types\/product"}],"version-history":[{"count":1,"href":"https:\/\/gibki.design\/en\/wp-json\/wp\/v2\/product\/112\/revisions"}],"predecessor-version":[{"id":1940,"href":"https:\/\/gibki.design\/en\/wp-json\/wp\/v2\/product\/112\/revisions\/1940"}],"wp:featuredmedia":[{"embeddable":true,"href":"https:\/\/gibki.design\/en\/wp-json\/wp\/v2\/media\/594"}],"wp:attachment":[{"href":"https:\/\/gibki.design\/en\/wp-json\/wp\/v2\/media?parent=112"}],"wp:term":[{"taxonomy":"product_brand","embeddable":true,"href":"https:\/\/gibki.design\/en\/wp-json\/wp\/v2\/product_brand?post=112"},{"taxonomy":"product_cat","embeddable":true,"href":"https:\/\/gibki.design\/en\/wp-json\/wp\/v2\/product_cat?post=112"},{"taxonomy":"product_tag","embeddable":true,"href":"https:\/\/gibki.design\/en\/wp-json\/wp\/v2\/product_tag?post=112"}],"curies":[{"name":"wp","href":"https:\/\/api.w.org\/{rel}","templated":true}]}}