{"id":111,"date":"2024-05-27T18:24:49","date_gmt":"2024-05-27T16:24:49","guid":{"rendered":"https:\/\/gibkidesign.com\/?post_type=product&#038;p=111"},"modified":"2025-04-04T00:13:55","modified_gmt":"2025-04-03T22:13:55","slug":"wygibas-duzy","status":"publish","type":"product","link":"https:\/\/gibki.design\/en\/product\/wygibas-duzy\/","title":{"rendered":"Wygibasy (Zestaw)"},"content":{"rendered":"","protected":false},"excerpt":{"rendered":"<p>Zestaw \u0142uk\u00f3w dekoracyjnych wykonany w technologi druku 3d z najwy\u017cszej jako\u015bci materia\u0142u PLA (biodegradowalny polimer otrzymywany z surowc\u00f3w odnawialnych)<\/p>\n<ul>\n<li>Wymiary wi\u0119kszego: 23 x 16 x 5 (wysoko\u015b\u0107, szeroko\u015b\u0107, g\u0142\u0119boko\u015b\u0107)<\/li>\n<li>Wymiary mniejszego: 13 x 16 x 5 (wysoko\u015b\u0107, szeroko\u015b\u0107, g\u0142\u0119boko\u015b\u0107)<\/li>\n<\/ul>\n<p>Dost\u0119pne s\u0105 we wszystkich kolorach kt\u00f3re oferujemy na stronie. Je\u017celi nie ma mo\u017cliwo\u015bci wyboru konkretnego koloru prosimy o napisanie w komentarzu w zam\u00f3wieniu lub mailu jaki kolor by Ciebie interesowa\u0142.<\/p>\n<p>Czas realizacji zam\u00f3wienia &#8211; 3 dni robocze.<\/p>","protected":false},"featured_media":577,"template":"","meta":[],"product_brand":[],"product_cat":[26],"product_tag":[],"class_list":{"0":"post-111","1":"product","2":"type-product","3":"status-publish","4":"has-post-thumbnail","6":"product_cat-dekoracje","8":"first","9":"instock","10":"shipping-taxable","11":"purchasable","12":"product-type-variable"},"_links":{"self":[{"href":"https:\/\/gibki.design\/en\/wp-json\/wp\/v2\/product\/111","targetHints":{"allow":["GET"]}}],"collection":[{"href":"https:\/\/gibki.design\/en\/wp-json\/wp\/v2\/product"}],"about":[{"href":"https:\/\/gibki.design\/en\/wp-json\/wp\/v2\/types\/product"}],"version-history":[{"count":1,"href":"https:\/\/gibki.design\/en\/wp-json\/wp\/v2\/product\/111\/revisions"}],"predecessor-version":[{"id":1944,"href":"https:\/\/gibki.design\/en\/wp-json\/wp\/v2\/product\/111\/revisions\/1944"}],"wp:featuredmedia":[{"embeddable":true,"href":"https:\/\/gibki.design\/en\/wp-json\/wp\/v2\/media\/577"}],"wp:attachment":[{"href":"https:\/\/gibki.design\/en\/wp-json\/wp\/v2\/media?parent=111"}],"wp:term":[{"taxonomy":"product_brand","embeddable":true,"href":"https:\/\/gibki.design\/en\/wp-json\/wp\/v2\/product_brand?post=111"},{"taxonomy":"product_cat","embeddable":true,"href":"https:\/\/gibki.design\/en\/wp-json\/wp\/v2\/product_cat?post=111"},{"taxonomy":"product_tag","embeddable":true,"href":"https:\/\/gibki.design\/en\/wp-json\/wp\/v2\/product_tag?post=111"}],"curies":[{"name":"wp","href":"https:\/\/api.w.org\/{rel}","templated":true}]}}