{"id":1015,"date":"2024-09-30T15:24:41","date_gmt":"2024-09-30T13:24:41","guid":{"rendered":"https:\/\/gibki.design\/?post_type=product&#038;p=1015"},"modified":"2025-04-04T00:12:05","modified_gmt":"2025-04-03T22:12:05","slug":"wazon-dune","status":"publish","type":"product","link":"https:\/\/gibki.design\/en\/product\/wazon-dune\/","title":{"rendered":"Wazon Dune"},"content":{"rendered":"","protected":false},"excerpt":{"rendered":"<p>Wazon DUNE<\/p>\n<p>Dune to po angielsku wydma, a jako \u017ce mieszkamy nad morzem to staramy si\u0119 inspirowa\u0107 wszystkim tym co nas otacza i tak powsta\u0142 ten wazon. Pi\u0119knie ta\u0144cz\u0105 na nim cienie i jest niezwykle przyjemny w dotyku.<\/p>\n<p>Wyprodukowany w technologii druku 3D z biodegradowalnych filament\u00f3w (PLA), otrzymywanych z surowc\u00f3w naturalnych takich jak m\u0105czka kukurydziana. W \u015brodku wazonu znajduje si\u0119 wyjmowany szklany wk\u0142ad, kt\u00f3ry u\u0142atwia utrzymanie go w czysto\u015bci.<\/p>\n<ul>\n<li>Podane rozmiary to wysoko\u015b\u0107 wazonu.<\/li>\n<li>Wazony posiadaj\u0105 w komplecie szklane wk\u0142ady.<\/li>\n<\/ul>\n<p>The order processing time is 3 business days.<\/p>","protected":false},"featured_media":1023,"template":"","meta":[],"product_brand":[],"product_cat":[24],"product_tag":[],"class_list":{"0":"post-1015","1":"product","2":"type-product","3":"status-publish","4":"has-post-thumbnail","6":"product_cat-wazony","8":"first","9":"instock","10":"shipping-taxable","11":"purchasable","12":"product-type-variable","13":"has-default-attributes"},"_links":{"self":[{"href":"https:\/\/gibki.design\/en\/wp-json\/wp\/v2\/product\/1015","targetHints":{"allow":["GET"]}}],"collection":[{"href":"https:\/\/gibki.design\/en\/wp-json\/wp\/v2\/product"}],"about":[{"href":"https:\/\/gibki.design\/en\/wp-json\/wp\/v2\/types\/product"}],"version-history":[{"count":2,"href":"https:\/\/gibki.design\/en\/wp-json\/wp\/v2\/product\/1015\/revisions"}],"predecessor-version":[{"id":1916,"href":"https:\/\/gibki.design\/en\/wp-json\/wp\/v2\/product\/1015\/revisions\/1916"}],"wp:featuredmedia":[{"embeddable":true,"href":"https:\/\/gibki.design\/en\/wp-json\/wp\/v2\/media\/1023"}],"wp:attachment":[{"href":"https:\/\/gibki.design\/en\/wp-json\/wp\/v2\/media?parent=1015"}],"wp:term":[{"taxonomy":"product_brand","embeddable":true,"href":"https:\/\/gibki.design\/en\/wp-json\/wp\/v2\/product_brand?post=1015"},{"taxonomy":"product_cat","embeddable":true,"href":"https:\/\/gibki.design\/en\/wp-json\/wp\/v2\/product_cat?post=1015"},{"taxonomy":"product_tag","embeddable":true,"href":"https:\/\/gibki.design\/en\/wp-json\/wp\/v2\/product_tag?post=1015"}],"curies":[{"name":"wp","href":"https:\/\/api.w.org\/{rel}","templated":true}]}}