{"id":200,"date":"2024-05-29T11:20:41","date_gmt":"2024-05-29T09:20:41","guid":{"rendered":"https:\/\/gibkidesign.com\/?page_id=200"},"modified":"2025-04-04T15:51:21","modified_gmt":"2025-04-04T13:51:21","slug":"o-nas","status":"publish","type":"page","link":"https:\/\/gibki.design\/en\/o-nas\/","title":{"rendered":"About us"},"content":{"rendered":"<div data-elementor-type=\"wp-page\" data-elementor-id=\"200\" class=\"elementor elementor-200\" data-elementor-post-type=\"page\">\n\t\t\t\t<div class=\"elementor-element elementor-element-bb331c1 e-flex e-con-boxed e-con e-parent\" data-id=\"bb331c1\" data-element_type=\"container\">\n\t\t\t\t\t<div class=\"e-con-inner\">\n\t\t\t\t<div class=\"elementor-element elementor-element-405683f elementor-widget elementor-widget-text-editor\" data-id=\"405683f\" data-element_type=\"widget\" data-widget_type=\"text-editor.default\">\n\t\t\t\t<div class=\"elementor-widget-container\">\n\t\t\t\t\t\t\t\t\t<p>Hi!<\/p><p>Out of our different interests\u2014Sonia\u2019s passion for design and photography, and Filip\u2019s fascination with everything tech-related\u2014gibki.design was born.<\/p><p>It all started with a single 3D printer in 2023 and an innocent flower pot project, which eventually grew into our brand\u2014constantly evolving and taking shape.<\/p><p>Our products are made using 3D printing technology. We design them ourselves, test them, and explore different solutions to ensure each product meets the expectations of our customers. We want the final product not only to be visually appealing, but also functional and practical.<\/p><p>We care about the environment, which is why we use biodegradable PLA filaments made from natural resources such as corn starch to create our products.<\/p>\t\t\t\t\t\t\t\t<\/div>\n\t\t\t\t<\/div>\n\t\t\t\t\t<\/div>\n\t\t\t\t<\/div>\n\t\t\t\t<\/div>","protected":false},"excerpt":{"rendered":"<p>Cze\u015b\u0107! Z naszych r\u00f3\u017cnych zainteresowa\u0144 &#8211; Soni zami\u0142owania do designu i fotografii oraz Filipa zainteresowania wszystkim co zwi\u0105zane z technologi\u0105 powsta\u0142 gibki.design. Zacz\u0119\u0142o si\u0119 od jednej drukarki w 2023 roku&hellip;<\/p>","protected":false},"author":1,"featured_media":0,"parent":0,"menu_order":0,"comment_status":"closed","ping_status":"closed","template":"","meta":{"footnotes":""},"class_list":["post-200","page","type-page","status-publish","hentry"],"_links":{"self":[{"href":"https:\/\/gibki.design\/en\/wp-json\/wp\/v2\/pages\/200","targetHints":{"allow":["GET"]}}],"collection":[{"href":"https:\/\/gibki.design\/en\/wp-json\/wp\/v2\/pages"}],"about":[{"href":"https:\/\/gibki.design\/en\/wp-json\/wp\/v2\/types\/page"}],"author":[{"embeddable":true,"href":"https:\/\/gibki.design\/en\/wp-json\/wp\/v2\/users\/1"}],"replies":[{"embeddable":true,"href":"https:\/\/gibki.design\/en\/wp-json\/wp\/v2\/comments?post=200"}],"version-history":[{"count":10,"href":"https:\/\/gibki.design\/en\/wp-json\/wp\/v2\/pages\/200\/revisions"}],"predecessor-version":[{"id":2203,"href":"https:\/\/gibki.design\/en\/wp-json\/wp\/v2\/pages\/200\/revisions\/2203"}],"wp:attachment":[{"href":"https:\/\/gibki.design\/en\/wp-json\/wp\/v2\/media?parent=200"}],"curies":[{"name":"wp","href":"https:\/\/api.w.org\/{rel}","templated":true}]}}