{"id":1474,"date":"2024-12-13T21:06:59","date_gmt":"2024-12-13T20:06:59","guid":{"rendered":"https:\/\/gibki.design\/?page_id=1474"},"modified":"2025-12-04T18:08:18","modified_gmt":"2025-12-04T17:08:18","slug":"gpsr","status":"publish","type":"page","link":"https:\/\/gibki.design\/en\/gpsr\/","title":{"rendered":"GPSR"},"content":{"rendered":"<p>Producentem wszystkich produkt\u00f3w znajduj\u0105cych si\u0119 na tej stronie jest: gibki.design Filip Rydzy\u0144ski (NIP: 9581743137)<\/p><p>Kontakt: kontakt@gibki.design<\/p><p>Telefon: +48 573 423 734<\/p><p>Adres: Cynamonowa 19, 81-589 Gdynia<\/p>","protected":false},"excerpt":{"rendered":"<p>Producentem wszystkich produkt\u00f3w znajduj\u0105cych si\u0119 na tej stronie jest: gibki.design Filip Rydzy\u0144ski (NIP: 9581743137) Kontakt: kontakt@gibki.design Telefon: +48 573 423 734 Adres: Cynamonowa 19, 81-589 Gdynia<\/p>","protected":false},"author":1,"featured_media":0,"parent":0,"menu_order":0,"comment_status":"closed","ping_status":"closed","template":"","meta":{"footnotes":""},"class_list":["post-1474","page","type-page","status-publish","hentry"],"_links":{"self":[{"href":"https:\/\/gibki.design\/en\/wp-json\/wp\/v2\/pages\/1474","targetHints":{"allow":["GET"]}}],"collection":[{"href":"https:\/\/gibki.design\/en\/wp-json\/wp\/v2\/pages"}],"about":[{"href":"https:\/\/gibki.design\/en\/wp-json\/wp\/v2\/types\/page"}],"author":[{"embeddable":true,"href":"https:\/\/gibki.design\/en\/wp-json\/wp\/v2\/users\/1"}],"replies":[{"embeddable":true,"href":"https:\/\/gibki.design\/en\/wp-json\/wp\/v2\/comments?post=1474"}],"version-history":[{"count":3,"href":"https:\/\/gibki.design\/en\/wp-json\/wp\/v2\/pages\/1474\/revisions"}],"predecessor-version":[{"id":3754,"href":"https:\/\/gibki.design\/en\/wp-json\/wp\/v2\/pages\/1474\/revisions\/3754"}],"wp:attachment":[{"href":"https:\/\/gibki.design\/en\/wp-json\/wp\/v2\/media?parent=1474"}],"curies":[{"name":"wp","href":"https:\/\/api.w.org\/{rel}","templated":true}]}}